{"id":646444,"date":"2023-02-16T10:44:01","date_gmt":"2023-02-16T10:44:01","guid":{"rendered":"https:\/\/www.bluefinfitness.com\/treadmill-under-desk\/"},"modified":"2024-03-01T08:45:05","modified_gmt":"2024-03-01T08:45:05","slug":"tapis-roulant-compatto-web-exclusive","status":"publish","type":"product","link":"https:\/\/last.bluefinfitness.com\/it\/tapis-roulant-compatto-web-exclusive\/","title":{"rendered":"Tapis roulant Bluefin Fitness Kick LITE"},"content":{"rendered":"<p><img decoding=\"async\" src=\"https:\/\/last.bluefinfitness.com\/wp-content\/uploads\/2023\/02\/IT_FIT_Kick-Lite_A-Images_01_240222.jpg\" alt=\"\" width=\"2021\" height=\"1250\" class=\"alignnone size-full wp-image-659544\" srcset=\"https:\/\/last.bluefinfitness.com\/wp-content\/uploads\/2023\/02\/IT_FIT_Kick-Lite_A-Images_01_240222.jpg 2021w, https:\/\/last.bluefinfitness.com\/wp-content\/uploads\/2023\/02\/IT_FIT_Kick-Lite_A-Images_01_240222-647x400.jpg 647w, https:\/\/last.bluefinfitness.com\/wp-content\/uploads\/2023\/02\/IT_FIT_Kick-Lite_A-Images_01_240222-1293x800.jpg 1293w, https:\/\/last.bluefinfitness.com\/wp-content\/uploads\/2023\/02\/IT_FIT_Kick-Lite_A-Images_01_240222-768x475.jpg 768w, https:\/\/last.bluefinfitness.com\/wp-content\/uploads\/2023\/02\/IT_FIT_Kick-Lite_A-Images_01_240222-1536x950.jpg 1536w, https:\/\/last.bluefinfitness.com\/wp-content\/uploads\/2023\/02\/IT_FIT_Kick-Lite_A-Images_01_240222-500x309.jpg 500w\" sizes=\"(max-width: 2021px) 100vw, 2021px\" \/><\/p>\n<p><img decoding=\"async\" src=\"https:\/\/last.bluefinfitness.com\/wp-content\/uploads\/2023\/02\/IT_FIT_Kick-Lite_A-Images_02.jpg\" alt=\"\" width=\"2021\" height=\"1250\" class=\"alignnone size-full wp-image-646472\" srcset=\"https:\/\/last.bluefinfitness.com\/wp-content\/uploads\/2023\/02\/IT_FIT_Kick-Lite_A-Images_02.jpg 2021w, https:\/\/last.bluefinfitness.com\/wp-content\/uploads\/2023\/02\/IT_FIT_Kick-Lite_A-Images_02-647x400.jpg 647w, https:\/\/last.bluefinfitness.com\/wp-content\/uploads\/2023\/02\/IT_FIT_Kick-Lite_A-Images_02-1293x800.jpg 1293w, https:\/\/last.bluefinfitness.com\/wp-content\/uploads\/2023\/02\/IT_FIT_Kick-Lite_A-Images_02-768x475.jpg 768w, https:\/\/last.bluefinfitness.com\/wp-content\/uploads\/2023\/02\/IT_FIT_Kick-Lite_A-Images_02-1536x950.jpg 1536w, https:\/\/last.bluefinfitness.com\/wp-content\/uploads\/2023\/02\/IT_FIT_Kick-Lite_A-Images_02-500x309.jpg 500w\" sizes=\"(max-width: 2021px) 100vw, 2021px\" \/><\/p>\n<p><img decoding=\"async\" src=\"https:\/\/last.bluefinfitness.com\/wp-content\/uploads\/2022\/12\/IT_FIT_Kick-Lite_A-Images_03.jpg\" alt=\"\" width=\"1347\" height=\"833\" class=\"alignnone size-full wp-image-655378\" srcset=\"https:\/\/last.bluefinfitness.com\/wp-content\/uploads\/2022\/12\/IT_FIT_Kick-Lite_A-Images_03.jpg 1347w, https:\/\/last.bluefinfitness.com\/wp-content\/uploads\/2022\/12\/IT_FIT_Kick-Lite_A-Images_03-647x400.jpg 647w, https:\/\/last.bluefinfitness.com\/wp-content\/uploads\/2022\/12\/IT_FIT_Kick-Lite_A-Images_03-1294x800.jpg 1294w, https:\/\/last.bluefinfitness.com\/wp-content\/uploads\/2022\/12\/IT_FIT_Kick-Lite_A-Images_03-768x475.jpg 768w, https:\/\/last.bluefinfitness.com\/wp-content\/uploads\/2022\/12\/IT_FIT_Kick-Lite_A-Images_03-500x309.jpg 500w\" sizes=\"(max-width: 1347px) 100vw, 1347px\" \/><\/p>\n<p><img decoding=\"async\" src=\"https:\/\/last.bluefinfitness.com\/wp-content\/uploads\/2023\/02\/IT_FIT_Kick-Lite_A-Images_04.jpg\" alt=\"\" width=\"2021\" height=\"1250\" class=\"alignnone size-full wp-image-646474\" srcset=\"https:\/\/last.bluefinfitness.com\/wp-content\/uploads\/2023\/02\/IT_FIT_Kick-Lite_A-Images_04.jpg 2021w, https:\/\/last.bluefinfitness.com\/wp-content\/uploads\/2023\/02\/IT_FIT_Kick-Lite_A-Images_04-647x400.jpg 647w, https:\/\/last.bluefinfitness.com\/wp-content\/uploads\/2023\/02\/IT_FIT_Kick-Lite_A-Images_04-1293x800.jpg 1293w, https:\/\/last.bluefinfitness.com\/wp-content\/uploads\/2023\/02\/IT_FIT_Kick-Lite_A-Images_04-768x475.jpg 768w, https:\/\/last.bluefinfitness.com\/wp-content\/uploads\/2023\/02\/IT_FIT_Kick-Lite_A-Images_04-1536x950.jpg 1536w, https:\/\/last.bluefinfitness.com\/wp-content\/uploads\/2023\/02\/IT_FIT_Kick-Lite_A-Images_04-500x309.jpg 500w\" sizes=\"(max-width: 2021px) 100vw, 2021px\" \/><\/p>\n<p><img decoding=\"async\" src=\"https:\/\/last.bluefinfitness.com\/wp-content\/uploads\/2023\/02\/IT_FIT_Kick-Lite_A-Images_05.jpg\" alt=\"\" width=\"2021\" height=\"1250\" class=\"alignnone size-full wp-image-646475\" srcset=\"https:\/\/last.bluefinfitness.com\/wp-content\/uploads\/2023\/02\/IT_FIT_Kick-Lite_A-Images_05.jpg 2021w, https:\/\/last.bluefinfitness.com\/wp-content\/uploads\/2023\/02\/IT_FIT_Kick-Lite_A-Images_05-647x400.jpg 647w, https:\/\/last.bluefinfitness.com\/wp-content\/uploads\/2023\/02\/IT_FIT_Kick-Lite_A-Images_05-1293x800.jpg 1293w, https:\/\/last.bluefinfitness.com\/wp-content\/uploads\/2023\/02\/IT_FIT_Kick-Lite_A-Images_05-768x475.jpg 768w, https:\/\/last.bluefinfitness.com\/wp-content\/uploads\/2023\/02\/IT_FIT_Kick-Lite_A-Images_05-1536x950.jpg 1536w, https:\/\/last.bluefinfitness.com\/wp-content\/uploads\/2023\/02\/IT_FIT_Kick-Lite_A-Images_05-500x309.jpg 500w\" sizes=\"(max-width: 2021px) 100vw, 2021px\" \/><\/p>\n<p><img decoding=\"async\" src=\"https:\/\/last.bluefinfitness.com\/wp-content\/uploads\/2023\/02\/IT_FIT_Kick-Lite_A-Images_06_240221.jpg\" alt=\"\" width=\"2021\" height=\"1250\" class=\"alignnone size-full wp-image-658938\" srcset=\"https:\/\/last.bluefinfitness.com\/wp-content\/uploads\/2023\/02\/IT_FIT_Kick-Lite_A-Images_06_240221.jpg 2021w, https:\/\/last.bluefinfitness.com\/wp-content\/uploads\/2023\/02\/IT_FIT_Kick-Lite_A-Images_06_240221-647x400.jpg 647w, https:\/\/last.bluefinfitness.com\/wp-content\/uploads\/2023\/02\/IT_FIT_Kick-Lite_A-Images_06_240221-1293x800.jpg 1293w, https:\/\/last.bluefinfitness.com\/wp-content\/uploads\/2023\/02\/IT_FIT_Kick-Lite_A-Images_06_240221-768x475.jpg 768w, https:\/\/last.bluefinfitness.com\/wp-content\/uploads\/2023\/02\/IT_FIT_Kick-Lite_A-Images_06_240221-1536x950.jpg 1536w, https:\/\/last.bluefinfitness.com\/wp-content\/uploads\/2023\/02\/IT_FIT_Kick-Lite_A-Images_06_240221-500x309.jpg 500w\" sizes=\"(max-width: 2021px) 100vw, 2021px\" \/><\/p>\n","protected":false},"excerpt":{"rendered":"<ul>\n<li>FACILE DA RIPORRE: Kick Lite \u00e8 il nostro Tapis Roulant Premium per la palestra in casa. Manubrio pieghevole e design sottile e compatto permettono di riporlo facilmente quando non ti alleni o di utilizzarlo sotto la scrivania.<\/li>\n<li>CARATTERISTICHE PREMIUM: Il tapis roulant da scrivania Kick LITE \u00e8 dotato di un telecomando per controllare la velocit\u00e0 durante l&#8217;allenamento. Il display a LED mostra chiaramente le statistiche per raggiungere i tuoi obiettivi di fitness, tra cui distanza\/velocit\u00e0\/tempo e ti consente di spingerti sempre oltre raggiungendo velocit\u00e0 fino a 8 km\/h.<\/li>\n<li>DESIGN AVANZATO: Progettato in UK da professionisti del settore. Il Tapis Roulant \u00e8 dotato di un sistema di lubrificazione automatica che garantisce prestazioni fluide e silenziose, il nastro da corsa ammortizzante offre un&#8217;esperienza pi\u00f9 morbida.<\/li>\n<li>ALLENATI IN COMPAGNIA: questo Tapis Roulant \u00e8 compatibile con Kinomap, migliaia di video-allenamenti da tutto il mondo e lezioni dal vivo con coach professionisti. Migliora il tuo allenamento con sfide sceniche e competizioni multiplayer.<\/li>\n<li>MOTORE POTENTE: il Tapis Roulant portatile \u00e8 stato progettato in UK con un potente motore in grado di raggiungere gli 8 km\/h. Questa \u00e8 la velocit\u00e0 pi\u00f9 alta per un Tapis Roulant con questo design. Si adatter\u00e0 a qualsiasi livello di allenamento.<\/li>\n<li>PER CHI \u00c8? Il Kick Lite \u00e8 per chiunque voglia fare esercizio durante le giornate lavorative. Il design sottile e leggero ti permette di riporlo in casa quando non lo usi, grazie alle ruote lo sposti facilmente e non fa rumore.<\/li>\n<\/ul>\n","protected":false},"featured_media":646405,"comment_status":"open","ping_status":"closed","template":"","meta":[],"product_cat":[1011],"product_tag":[],"_links":{"self":[{"href":"https:\/\/last.bluefinfitness.com\/it\/wp-json\/wp\/v2\/product\/646444"}],"collection":[{"href":"https:\/\/last.bluefinfitness.com\/it\/wp-json\/wp\/v2\/product"}],"about":[{"href":"https:\/\/last.bluefinfitness.com\/it\/wp-json\/wp\/v2\/types\/product"}],"replies":[{"embeddable":true,"href":"https:\/\/last.bluefinfitness.com\/it\/wp-json\/wp\/v2\/comments?post=646444"}],"wp:featuredmedia":[{"embeddable":true,"href":"https:\/\/last.bluefinfitness.com\/it\/wp-json\/wp\/v2\/media\/646405"}],"wp:attachment":[{"href":"https:\/\/last.bluefinfitness.com\/it\/wp-json\/wp\/v2\/media?parent=646444"}],"wp:term":[{"taxonomy":"product_cat","embeddable":true,"href":"https:\/\/last.bluefinfitness.com\/it\/wp-json\/wp\/v2\/product_cat?post=646444"},{"taxonomy":"product_tag","embeddable":true,"href":"https:\/\/last.bluefinfitness.com\/it\/wp-json\/wp\/v2\/product_tag?post=646444"}],"curies":[{"name":"wp","href":"https:\/\/api.w.org\/{rel}","templated":true}]}}